{"id":54904,"date":"2026-03-22T22:50:04","date_gmt":"2026-03-22T22:50:04","guid":{"rendered":"https:\/\/badyss.ma\/?post_type=product&#038;p=54904"},"modified":"2026-03-23T10:56:42","modified_gmt":"2026-03-23T10:56:42","slug":"under-armour-sk","status":"publish","type":"product","link":"https:\/\/badyss.ma\/ar\/product\/under-armour-sk\/","title":{"rendered":"Under Armour SK"},"content":{"rendered":"<h4 style=\"text-align: center;\"><strong><img fetchpriority=\"high\" decoding=\"async\" class=\"wp-image-54939 aligncenter\" src=\"https:\/\/badyss.ma\/wp-content\/uploads\/2026\/03\/IMG_3773-300x164.png\" alt=\"\" width=\"463\" height=\"253\" srcset=\"https:\/\/badyss.ma\/wp-content\/uploads\/2026\/03\/IMG_3773-300x164.png 300w, https:\/\/badyss.ma\/wp-content\/uploads\/2026\/03\/IMG_3773-600x327.png 600w, https:\/\/badyss.ma\/wp-content\/uploads\/2026\/03\/IMG_3773-1024x559.png 1024w, https:\/\/badyss.ma\/wp-content\/uploads\/2026\/03\/IMG_3773-768x419.png 768w, https:\/\/badyss.ma\/wp-content\/uploads\/2026\/03\/IMG_3773-18x10.png 18w, https:\/\/badyss.ma\/wp-content\/uploads\/2026\/03\/IMG_3773.png 1408w\" sizes=\"(max-width: 463px) 100vw, 463px\" \/><\/strong><\/h4>\n<p style=\"text-align: center;\">* Design Moderne : Coupe ajust\u00e9e avec bandes lat\u00e9rales contrast\u00e9es pour un look dynamique.<\/p>\n<p style=\"text-align: center;\"><strong>* Confort Absolu : Tissu respirant et l\u00e9ger, agr\u00e9able \u00e0 porter toute la journ\u00e9e.<\/strong><\/p>\n<p style=\"text-align: center;\"><strong>* Veste Pratique : Fermeture \u00e9clair int\u00e9grale avec col montant et poches lat\u00e9rales.<\/strong><\/p>\n<p style=\"text-align: center;\"><strong>* Pantalon Flexible : Taille \u00e9lastique avec cordon de serrage pour un maintien parfait.<\/strong><\/p>\n<p style=\"text-align: center;\"><strong>* Finitions Soign\u00e9es : Logos haute densit\u00e9 sur la poitrine et la cuisse.<\/strong><\/p>","protected":false},"excerpt":{"rendered":"<p>* Design Moderne : Coupe ajust\u00e9e avec bandes lat\u00e9rales contrast\u00e9es pour un look dynamique. * Confort Absolu : Tissu respirant et l\u00e9ger, agr\u00e9able \u00e0 porter toute la journ\u00e9e. * Veste Pratique : Fermeture \u00e9clair int\u00e9grale avec col montant et poches lat\u00e9rales. * Pantalon Flexible : Taille \u00e9lastique avec cordon de serrage pour un maintien parfait.&hellip;<\/p>","protected":false},"featured_media":54948,"comment_status":"open","ping_status":"closed","template":"","meta":[],"product_brand":[],"product_cat":[326],"product_tag":[],"class_list":{"0":"post-54904","1":"product","2":"type-product","3":"status-publish","4":"has-post-thumbnail","6":"product_cat-ensembles-grande-taille","8":"first","9":"instock","10":"shipping-taxable","11":"purchasable","12":"product-type-variable"},"jetpack_sharing_enabled":true,"_links":{"self":[{"href":"https:\/\/badyss.ma\/ar\/wp-json\/wp\/v2\/product\/54904","targetHints":{"allow":["GET"]}}],"collection":[{"href":"https:\/\/badyss.ma\/ar\/wp-json\/wp\/v2\/product"}],"about":[{"href":"https:\/\/badyss.ma\/ar\/wp-json\/wp\/v2\/types\/product"}],"replies":[{"embeddable":true,"href":"https:\/\/badyss.ma\/ar\/wp-json\/wp\/v2\/comments?post=54904"}],"version-history":[{"count":0,"href":"https:\/\/badyss.ma\/ar\/wp-json\/wp\/v2\/product\/54904\/revisions"}],"wp:featuredmedia":[{"embeddable":true,"href":"https:\/\/badyss.ma\/ar\/wp-json\/wp\/v2\/media\/54948"}],"wp:attachment":[{"href":"https:\/\/badyss.ma\/ar\/wp-json\/wp\/v2\/media?parent=54904"}],"wp:term":[{"taxonomy":"product_brand","embeddable":true,"href":"https:\/\/badyss.ma\/ar\/wp-json\/wp\/v2\/product_brand?post=54904"},{"taxonomy":"product_cat","embeddable":true,"href":"https:\/\/badyss.ma\/ar\/wp-json\/wp\/v2\/product_cat?post=54904"},{"taxonomy":"product_tag","embeddable":true,"href":"https:\/\/badyss.ma\/ar\/wp-json\/wp\/v2\/product_tag?post=54904"}],"curies":[{"name":"wp","href":"https:\/\/api.w.org\/{rel}","templated":true}]}}