{"id":55030,"date":"2026-03-30T10:32:50","date_gmt":"2026-03-30T10:32:50","guid":{"rendered":"https:\/\/badyss.ma\/?post_type=product&#038;p=55030"},"modified":"2026-04-07T22:48:51","modified_gmt":"2026-04-07T22:48:51","slug":"ensemble-ete-premium-confort-style","status":"publish","type":"product","link":"https:\/\/badyss.ma\/ar\/product\/ensemble-ete-premium-confort-style\/","title":{"rendered":"Ensemble \u00c9t\u00e9 Premium \u2013 Confort &#038; Style"},"content":{"rendered":"<h2 style=\"text-align: center;\">* Qualit\u00e9 Sup\u00e9rieure : Tissu l\u00e9ger, frais et ultra-confortable.<br \/>\n* Expert Grandes Tailles : Disponible du L au 8XL.<br \/>\n* Couleurs : Noir, Vert Olive, Beige, Bleu Roi, Gris.<\/h2>","protected":false},"excerpt":{"rendered":"<p>* Qualit\u00e9 Sup\u00e9rieure : Tissu l\u00e9ger, frais et ultra-confortable. * Expert Grandes Tailles : Disponible du L au 8XL. * Couleurs : Noir, Vert Olive, Beige, Bleu Roi, Gris.<\/p>","protected":false},"featured_media":55035,"comment_status":"open","ping_status":"closed","template":"","meta":[],"product_brand":[],"product_cat":[326,294],"product_tag":[],"class_list":{"0":"post-55030","1":"product","2":"type-product","3":"status-publish","4":"has-post-thumbnail","6":"product_cat-ensembles-grande-taille","7":"product_cat-grandes-tailles","8":"description-off","10":"first","11":"instock","12":"shipping-taxable","13":"purchasable","14":"product-type-variable"},"jetpack_sharing_enabled":true,"_links":{"self":[{"href":"https:\/\/badyss.ma\/ar\/wp-json\/wp\/v2\/product\/55030","targetHints":{"allow":["GET"]}}],"collection":[{"href":"https:\/\/badyss.ma\/ar\/wp-json\/wp\/v2\/product"}],"about":[{"href":"https:\/\/badyss.ma\/ar\/wp-json\/wp\/v2\/types\/product"}],"replies":[{"embeddable":true,"href":"https:\/\/badyss.ma\/ar\/wp-json\/wp\/v2\/comments?post=55030"}],"version-history":[{"count":0,"href":"https:\/\/badyss.ma\/ar\/wp-json\/wp\/v2\/product\/55030\/revisions"}],"wp:featuredmedia":[{"embeddable":true,"href":"https:\/\/badyss.ma\/ar\/wp-json\/wp\/v2\/media\/55035"}],"wp:attachment":[{"href":"https:\/\/badyss.ma\/ar\/wp-json\/wp\/v2\/media?parent=55030"}],"wp:term":[{"taxonomy":"product_brand","embeddable":true,"href":"https:\/\/badyss.ma\/ar\/wp-json\/wp\/v2\/product_brand?post=55030"},{"taxonomy":"product_cat","embeddable":true,"href":"https:\/\/badyss.ma\/ar\/wp-json\/wp\/v2\/product_cat?post=55030"},{"taxonomy":"product_tag","embeddable":true,"href":"https:\/\/badyss.ma\/ar\/wp-json\/wp\/v2\/product_tag?post=55030"}],"curies":[{"name":"wp","href":"https:\/\/api.w.org\/{rel}","templated":true}]}}